{"id":325,"date":"2023-02-13T12:13:03","date_gmt":"2023-02-13T09:13:03","guid":{"rendered":"http:\/\/www.urlahaber.net\/?page_id=325"},"modified":"2023-02-13T12:13:38","modified_gmt":"2023-02-13T09:13:38","slug":"spor","status":"publish","type":"page","link":"https:\/\/www.urlahaber.net\/index.php\/spor\/","title":{"rendered":"Spor"},"content":{"rendered":"\t\t<div data-elementor-type=\"wp-page\" data-elementor-id=\"325\" class=\"elementor elementor-325\">\n\t\t\t\t\t\t\t\t\t<section class=\"elementor-section elementor-top-section elementor-element elementor-element-cc90be7 elementor-section-boxed elementor-section-height-default elementor-section-height-default\" data-id=\"cc90be7\" data-element_type=\"section\">\n\t\t\t\t\t\t<div class=\"elementor-container elementor-column-gap-default\">\n\t\t\t\t\t<div class=\"elementor-column elementor-col-100 elementor-top-column elementor-element elementor-element-21c6e13\" data-id=\"21c6e13\" data-element_type=\"column\">\n\t\t\t<div class=\"elementor-widget-wrap elementor-element-populated\">\n\t\t\t\t\t\t\t\t<section class=\"elementor-section elementor-inner-section elementor-element elementor-element-b97a8e1 elementor-section-boxed elementor-section-height-default elementor-section-height-default\" data-id=\"b97a8e1\" data-element_type=\"section\">\n\t\t\t\t\t\t<div class=\"elementor-container elementor-column-gap-default\">\n\t\t\t\t\t<div class=\"elementor-column elementor-col-50 elementor-inner-column elementor-element elementor-element-d27f53f\" data-id=\"d27f53f\" data-element_type=\"column\">\n\t\t\t<div class=\"elementor-widget-wrap elementor-element-populated\">\n\t\t\t\t\t\t\t\t<div class=\"elementor-element elementor-element-e89deb1 elementor-grid-3 elementor-grid-tablet-2 elementor-grid-mobile-1 elementor-posts--thumbnail-top elementor-widget elementor-widget-posts\" data-id=\"e89deb1\" data-element_type=\"widget\" data-settings=\"{&quot;classic_columns&quot;:&quot;3&quot;,&quot;classic_columns_tablet&quot;:&quot;2&quot;,&quot;classic_columns_mobile&quot;:&quot;1&quot;,&quot;classic_row_gap&quot;:{&quot;unit&quot;:&quot;px&quot;,&quot;size&quot;:35,&quot;sizes&quot;:[]},&quot;classic_row_gap_tablet&quot;:{&quot;unit&quot;:&quot;px&quot;,&quot;size&quot;:&quot;&quot;,&quot;sizes&quot;:[]},&quot;classic_row_gap_mobile&quot;:{&quot;unit&quot;:&quot;px&quot;,&quot;size&quot;:&quot;&quot;,&quot;sizes&quot;:[]}}\" data-widget_type=\"posts.classic\">\n\t\t\t\t<div class=\"elementor-widget-container\">\n\t\t\t<link rel=\"stylesheet\" href=\"https:\/\/www.urlahaber.net\/wp-content\/plugins\/elementor-pro\/assets\/css\/widget-posts.min.css\">\t\t<div class=\"elementor-posts-container elementor-posts elementor-posts--skin-classic elementor-grid\">\n\t\t\t\t<article class=\"elementor-post elementor-grid-item post-2555 post type-post status-publish format-standard has-post-thumbnail hentry category-genel category-gundem category-siyaset category-spor tag-hulya-mine-sokmen tag-oryantiring tag-sampiyona tag-urla\">\n\t\t\t\t<a class=\"elementor-post__thumbnail__link\" href=\"https:\/\/www.urlahaber.net\/index.php\/oryantiringteki-gururumuz\/\" >\n\t\t\t<div class=\"elementor-post__thumbnail\"><img loading=\"lazy\" decoding=\"async\" width=\"300\" height=\"185\" src=\"https:\/\/www.urlahaber.net\/wp-content\/uploads\/2025\/11\/oryan22-300x185.jpg\" class=\"attachment-medium size-medium wp-image-2556\" alt=\"\" srcset=\"https:\/\/www.urlahaber.net\/wp-content\/uploads\/2025\/11\/oryan22-300x185.jpg 300w, https:\/\/www.urlahaber.net\/wp-content\/uploads\/2025\/11\/oryan22-250x154.jpg 250w, https:\/\/www.urlahaber.net\/wp-content\/uploads\/2025\/11\/oryan22.jpg 660w\" sizes=\"auto, (max-width: 300px) 100vw, 300px\" \/><\/div>\n\t\t<\/a>\n\t\t\t\t<div class=\"elementor-post__text\">\n\t\t\t\t<h3 class=\"elementor-post__title\">\n\t\t\t<a href=\"https:\/\/www.urlahaber.net\/index.php\/oryantiringteki-gururumuz\/\" >\n\t\t\t\tOryantiring\u2019teki gururumuz\t\t\t<\/a>\n\t\t<\/h3>\n\t\t\t\t<div class=\"elementor-post__meta-data\">\n\t\t\t\t\t<span class=\"elementor-post-date\">\n\t\t\t13 Kas\u0131m 2025\t\t<\/span>\n\t\t\t\t<span class=\"elementor-post-avatar\">\n\t\t\tYorum yap\u0131lmam\u0131\u015f\t\t<\/span>\n\t\t\t\t<\/div>\n\t\t\t\t<div class=\"elementor-post__excerpt\">\n\t\t\t<p>Antalya\u2019da 1. etab\u0131 d\u00fczenlenen&nbsp; T\u00fcrkiye Oryantiring U14 Yar\u0131\u015fmas\u0131\u2019nda Urla\u2019dan kat\u0131lan ve ayn\u0131 zamanda Urla Gen\u00e7lik Spor Kul\u00fcb\u00fc oyuncusu olan H\u00fclya Mina&nbsp; S\u00f6kmen,&nbsp; 49 ki\u015fi aras\u0131nda<\/p>\n\t\t<\/div>\n\t\t\n\t\t<a class=\"elementor-post__read-more\" href=\"https:\/\/www.urlahaber.net\/index.php\/oryantiringteki-gururumuz\/\" >\n\t\t\tRead More \u00bb\t\t<\/a>\n\n\t\t\t\t<\/div>\n\t\t\t\t<\/article>\n\t\t\t\t<article class=\"elementor-post elementor-grid-item post-2543 post type-post status-publish format-standard has-post-thumbnail hentry category-genel category-gundem category-siyaset category-spor tag-bal tag-futbol tag-umut-yordamli tag-urla\">\n\t\t\t\t<a class=\"elementor-post__thumbnail__link\" href=\"https:\/\/www.urlahaber.net\/index.php\/buldozer-takim-urla-fk\/\" >\n\t\t\t<div class=\"elementor-post__thumbnail\"><img loading=\"lazy\" decoding=\"async\" width=\"300\" height=\"187\" src=\"https:\/\/www.urlahaber.net\/wp-content\/uploads\/2025\/11\/urlakapak-300x187.jpg\" class=\"attachment-medium size-medium wp-image-2549\" alt=\"\" srcset=\"https:\/\/www.urlahaber.net\/wp-content\/uploads\/2025\/11\/urlakapak-300x187.jpg 300w, https:\/\/www.urlahaber.net\/wp-content\/uploads\/2025\/11\/urlakapak-250x156.jpg 250w, https:\/\/www.urlahaber.net\/wp-content\/uploads\/2025\/11\/urlakapak.jpg 660w\" sizes=\"auto, (max-width: 300px) 100vw, 300px\" \/><\/div>\n\t\t<\/a>\n\t\t\t\t<div class=\"elementor-post__text\">\n\t\t\t\t<h3 class=\"elementor-post__title\">\n\t\t\t<a href=\"https:\/\/www.urlahaber.net\/index.php\/buldozer-takim-urla-fk\/\" >\n\t\t\t\tBuldozer tak\u0131m: Urla FK\t\t\t<\/a>\n\t\t<\/h3>\n\t\t\t\t<div class=\"elementor-post__meta-data\">\n\t\t\t\t\t<span class=\"elementor-post-date\">\n\t\t\t12 Kas\u0131m 2025\t\t<\/span>\n\t\t\t\t<span class=\"elementor-post-avatar\">\n\t\t\tYorum yap\u0131lmam\u0131\u015f\t\t<\/span>\n\t\t\t\t<\/div>\n\t\t\t\t<div class=\"elementor-post__excerpt\">\n\t\t\t<p>\u0130zmir S\u00fcper Amat\u00f6r Lig\u2019de m\u00fccadele eden Urla FK, sezona adeta f\u0131rt\u0131na gibi bir giri\u015f yapt\u0131. Ligin ilk 7 haftas\u0131nda oynad\u0131\u011f\u0131 t\u00fcm ma\u00e7lar\u0131 kazanarak zirveye kurulan<\/p>\n\t\t<\/div>\n\t\t\n\t\t<a class=\"elementor-post__read-more\" href=\"https:\/\/www.urlahaber.net\/index.php\/buldozer-takim-urla-fk\/\" >\n\t\t\tRead More \u00bb\t\t<\/a>\n\n\t\t\t\t<\/div>\n\t\t\t\t<\/article>\n\t\t\t\t<article class=\"elementor-post elementor-grid-item post-2375 post type-post status-publish format-standard has-post-thumbnail hentry category-genel category-gundem category-siyaset category-spor tag-efe-ozbayrak tag-goztepe tag-ivan-scasni tag-padel tag-urla\">\n\t\t\t\t<a class=\"elementor-post__thumbnail__link\" href=\"https:\/\/www.urlahaber.net\/index.php\/urla-padel-ustasi-scasniyi-agirladi\/\" >\n\t\t\t<div class=\"elementor-post__thumbnail\"><img loading=\"lazy\" decoding=\"async\" width=\"300\" height=\"183\" src=\"https:\/\/www.urlahaber.net\/wp-content\/uploads\/2025\/09\/padel44-300x183.jpg\" class=\"attachment-medium size-medium wp-image-2376\" alt=\"\" srcset=\"https:\/\/www.urlahaber.net\/wp-content\/uploads\/2025\/09\/padel44-300x183.jpg 300w, https:\/\/www.urlahaber.net\/wp-content\/uploads\/2025\/09\/padel44-250x153.jpg 250w, https:\/\/www.urlahaber.net\/wp-content\/uploads\/2025\/09\/padel44.jpg 669w\" sizes=\"auto, (max-width: 300px) 100vw, 300px\" \/><\/div>\n\t\t<\/a>\n\t\t\t\t<div class=\"elementor-post__text\">\n\t\t\t\t<h3 class=\"elementor-post__title\">\n\t\t\t<a href=\"https:\/\/www.urlahaber.net\/index.php\/urla-padel-ustasi-scasniyi-agirladi\/\" >\n\t\t\t\tUrla, Padel ustas\u0131 Scasni\u2019yi a\u011f\u0131rlad\u0131\t\t\t<\/a>\n\t\t<\/h3>\n\t\t\t\t<div class=\"elementor-post__meta-data\">\n\t\t\t\t\t<span class=\"elementor-post-date\">\n\t\t\t17 Eyl\u00fcl 2025\t\t<\/span>\n\t\t\t\t<span class=\"elementor-post-avatar\">\n\t\t\tYorum yap\u0131lmam\u0131\u015f\t\t<\/span>\n\t\t\t\t<\/div>\n\t\t\t\t<div class=\"elementor-post__excerpt\">\n\t\t\t<p>D\u00fcnyan\u0131n \u00f6nemli padel oyuncular\u0131ndan Ivan Scasni, Urla\u2019daki Orange Padel\u2019de d\u00f6rt g\u00fcn boyunca e\u011fitim verdi. Giri\u015fimci alt\u0131 gencin Urla\u2019daki G\u00f6ztepe Yelken Tesisleri i\u00e7inde a\u00e7t\u0131\u011f\u0131 Orange Padel,<\/p>\n\t\t<\/div>\n\t\t\n\t\t<a class=\"elementor-post__read-more\" href=\"https:\/\/www.urlahaber.net\/index.php\/urla-padel-ustasi-scasniyi-agirladi\/\" >\n\t\t\tRead More \u00bb\t\t<\/a>\n\n\t\t\t\t<\/div>\n\t\t\t\t<\/article>\n\t\t\t\t<article class=\"elementor-post elementor-grid-item post-2362 post type-post status-publish format-standard has-post-thumbnail hentry category-genel category-gundem category-siyaset category-spor tag-ahmet-gurgen tag-alperen-sengun tag-basketbol tag-salim-tasli tag-selcuk-balkan tag-spor tag-umut-yordamli tag-urla\">\n\t\t\t\t<a class=\"elementor-post__thumbnail__link\" href=\"https:\/\/www.urlahaber.net\/index.php\/balik-aglarindan-potanin-filesine-uzanan-yol\/\" >\n\t\t\t<div class=\"elementor-post__thumbnail\"><img loading=\"lazy\" decoding=\"async\" width=\"300\" height=\"183\" src=\"https:\/\/www.urlahaber.net\/wp-content\/uploads\/2025\/09\/alperenkapak-300x183.jpg\" class=\"attachment-medium size-medium wp-image-2373\" alt=\"\" srcset=\"https:\/\/www.urlahaber.net\/wp-content\/uploads\/2025\/09\/alperenkapak-300x183.jpg 300w, https:\/\/www.urlahaber.net\/wp-content\/uploads\/2025\/09\/alperenkapak-250x153.jpg 250w, https:\/\/www.urlahaber.net\/wp-content\/uploads\/2025\/09\/alperenkapak.jpg 670w\" sizes=\"auto, (max-width: 300px) 100vw, 300px\" \/><\/div>\n\t\t<\/a>\n\t\t\t\t<div class=\"elementor-post__text\">\n\t\t\t\t<h3 class=\"elementor-post__title\">\n\t\t\t<a href=\"https:\/\/www.urlahaber.net\/index.php\/balik-aglarindan-potanin-filesine-uzanan-yol\/\" >\n\t\t\t\tBal\u0131k a\u011flar\u0131ndan potan\u0131n filesine uzanan yol;\t\t\t<\/a>\n\t\t<\/h3>\n\t\t\t\t<div class=\"elementor-post__meta-data\">\n\t\t\t\t\t<span class=\"elementor-post-date\">\n\t\t\t16 Eyl\u00fcl 2025\t\t<\/span>\n\t\t\t\t<span class=\"elementor-post-avatar\">\n\t\t\tYorum yap\u0131lmam\u0131\u015f\t\t<\/span>\n\t\t\t\t<\/div>\n\t\t\t\t<div class=\"elementor-post__excerpt\">\n\t\t\t<p>Azim abidesi Alperen&#8217;in hikayesini, Urla&#8217;da basketbolu kapatmaya \u00e7al\u0131\u015fanlar\u0131n okumas\u0131 gerekir&#8230; Houston Rockets\u2019in bel kemi\u011fi, Avrupa \u0130kincisi T\u00fcrk Milli Erkek Basketbol Tak\u0131m\u0131m\u0131z\u0131n g\u00f6zbebe\u011fi, Avrupa Karmas\u0131\u2019n\u0131n skorer<\/p>\n\t\t<\/div>\n\t\t\n\t\t<a class=\"elementor-post__read-more\" href=\"https:\/\/www.urlahaber.net\/index.php\/balik-aglarindan-potanin-filesine-uzanan-yol\/\" >\n\t\t\tRead More \u00bb\t\t<\/a>\n\n\t\t\t\t<\/div>\n\t\t\t\t<\/article>\n\t\t\t\t<article class=\"elementor-post elementor-grid-item post-2354 post type-post status-publish format-standard has-post-thumbnail hentry category-genel category-gundem category-siyaset category-spor tag-basketbol tag-erman-umdu tag-selcuk-balkan tag-spor tag-umit-arslan tag-umut-yordamli tag-urla\">\n\t\t\t\t<a class=\"elementor-post__thumbnail__link\" href=\"https:\/\/www.urlahaber.net\/index.php\/umit-var-umut-var-baskanlardan-ses-yok\/\" >\n\t\t\t<div class=\"elementor-post__thumbnail\"><img loading=\"lazy\" decoding=\"async\" width=\"300\" height=\"183\" src=\"https:\/\/www.urlahaber.net\/wp-content\/uploads\/2025\/09\/basssss-300x183.jpg\" class=\"attachment-medium size-medium wp-image-2360\" alt=\"\" srcset=\"https:\/\/www.urlahaber.net\/wp-content\/uploads\/2025\/09\/basssss-300x183.jpg 300w, https:\/\/www.urlahaber.net\/wp-content\/uploads\/2025\/09\/basssss-250x153.jpg 250w, https:\/\/www.urlahaber.net\/wp-content\/uploads\/2025\/09\/basssss.jpg 671w\" sizes=\"auto, (max-width: 300px) 100vw, 300px\" \/><\/div>\n\t\t<\/a>\n\t\t\t\t<div class=\"elementor-post__text\">\n\t\t\t\t<h3 class=\"elementor-post__title\">\n\t\t\t<a href=\"https:\/\/www.urlahaber.net\/index.php\/umit-var-umut-var-baskanlardan-ses-yok\/\" >\n\t\t\t\t\u00dcmit var, Umut var, Ba\u015fkanlar\u2019dan ses yok\t\t\t<\/a>\n\t\t<\/h3>\n\t\t\t\t<div class=\"elementor-post__meta-data\">\n\t\t\t\t\t<span class=\"elementor-post-date\">\n\t\t\t16 Eyl\u00fcl 2025\t\t<\/span>\n\t\t\t\t<span class=\"elementor-post-avatar\">\n\t\t\tYorum yap\u0131lmam\u0131\u015f\t\t<\/span>\n\t\t\t\t<\/div>\n\t\t\t\t<div class=\"elementor-post__excerpt\">\n\t\t\t<p>T\u00fcrkiye Kad\u0131nlar Basketbol 1. Ligi 11 g\u00fcn sonra yani 27 Eyl\u00fcl\u2019de ba\u015flayacak. 1946 y\u0131l\u0131nda kurulan ve 79 y\u0131ll\u0131k tarihinde pek \u00e7ok kul\u00fcb\u00fcn hayal bile edemeyece\u011fi<\/p>\n\t\t<\/div>\n\t\t\n\t\t<a class=\"elementor-post__read-more\" href=\"https:\/\/www.urlahaber.net\/index.php\/umit-var-umut-var-baskanlardan-ses-yok\/\" >\n\t\t\tRead More \u00bb\t\t<\/a>\n\n\t\t\t\t<\/div>\n\t\t\t\t<\/article>\n\t\t\t\t<article class=\"elementor-post elementor-grid-item post-2348 post type-post status-publish format-standard has-post-thumbnail hentry category-genel category-gundem category-siyaset category-spor tag-erman-umdu tag-futbol tag-selcuk-balkan tag-umut-yordamli tag-urla tag-urla-futbol-kulubu\">\n\t\t\t\t<a class=\"elementor-post__thumbnail__link\" href=\"https:\/\/www.urlahaber.net\/index.php\/urlada-futbol-atesi-yeniden-yaniyor\/\" >\n\t\t\t<div class=\"elementor-post__thumbnail\"><img loading=\"lazy\" decoding=\"async\" width=\"300\" height=\"184\" src=\"https:\/\/www.urlahaber.net\/wp-content\/uploads\/2025\/09\/urlafutbol--300x184.jpg\" class=\"attachment-medium size-medium wp-image-2349\" alt=\"\" srcset=\"https:\/\/www.urlahaber.net\/wp-content\/uploads\/2025\/09\/urlafutbol--300x184.jpg 300w, https:\/\/www.urlahaber.net\/wp-content\/uploads\/2025\/09\/urlafutbol--250x153.jpg 250w, https:\/\/www.urlahaber.net\/wp-content\/uploads\/2025\/09\/urlafutbol-.jpg 670w\" sizes=\"auto, (max-width: 300px) 100vw, 300px\" \/><\/div>\n\t\t<\/a>\n\t\t\t\t<div class=\"elementor-post__text\">\n\t\t\t\t<h3 class=\"elementor-post__title\">\n\t\t\t<a href=\"https:\/\/www.urlahaber.net\/index.php\/urlada-futbol-atesi-yeniden-yaniyor\/\" >\n\t\t\t\tUrla\u2019da futbol ate\u015fi yeniden yan\u0131yor\t\t\t<\/a>\n\t\t<\/h3>\n\t\t\t\t<div class=\"elementor-post__meta-data\">\n\t\t\t\t\t<span class=\"elementor-post-date\">\n\t\t\t12 Eyl\u00fcl 2025\t\t<\/span>\n\t\t\t\t<span class=\"elementor-post-avatar\">\n\t\t\tYorum yap\u0131lmam\u0131\u015f\t\t<\/span>\n\t\t\t\t<\/div>\n\t\t\t\t<div class=\"elementor-post__excerpt\">\n\t\t\t<p>1946 y\u0131l\u0131nda kurulan Urla Gen\u00e7lik Spor Kul\u00fcb\u00fc\u2019nde futbol \u015fubesinin kapat\u0131lmas\u0131ndan sonra b\u00fcy\u00fck \u00fcz\u00fcnt\u00fc ya\u015fayan futbolseverlere, gen\u00e7 i\u015f insan\u0131 Umut Yordaml\u0131 umut oldu. Kekliktepe mevkiinde villa<\/p>\n\t\t<\/div>\n\t\t\n\t\t<a class=\"elementor-post__read-more\" href=\"https:\/\/www.urlahaber.net\/index.php\/urlada-futbol-atesi-yeniden-yaniyor\/\" >\n\t\t\tRead More \u00bb\t\t<\/a>\n\n\t\t\t\t<\/div>\n\t\t\t\t<\/article>\n\t\t\t\t<\/div>\n\t\t\n\t\t\t\t<\/div>\n\t\t\t\t<\/div>\n\t\t\t\t\t<\/div>\n\t\t<\/div>\n\t\t\t\t<div class=\"elementor-column elementor-col-50 elementor-inner-column elementor-element elementor-element-9d204cb\" data-id=\"9d204cb\" data-element_type=\"column\">\n\t\t\t<div class=\"elementor-widget-wrap\">\n\t\t\t\t\t\t\t\t\t<\/div>\n\t\t<\/div>\n\t\t\t\t\t\t\t<\/div>\n\t\t<\/section>\n\t\t\t\t\t<\/div>\n\t\t<\/div>\n\t\t\t\t\t\t\t<\/div>\n\t\t<\/section>\n\t\t\t\t\t\t\t<\/div>\n\t\t","protected":false},"excerpt":{"rendered":"","protected":false},"author":1,"featured_media":0,"parent":0,"menu_order":0,"comment_status":"closed","ping_status":"closed","template":"","meta":{"footnotes":""},"class_list":["post-325","page","type-page","status-publish","hentry"],"aioseo_notices":[],"_links":{"self":[{"href":"https:\/\/www.urlahaber.net\/index.php\/wp-json\/wp\/v2\/pages\/325","targetHints":{"allow":["GET"]}}],"collection":[{"href":"https:\/\/www.urlahaber.net\/index.php\/wp-json\/wp\/v2\/pages"}],"about":[{"href":"https:\/\/www.urlahaber.net\/index.php\/wp-json\/wp\/v2\/types\/page"}],"author":[{"embeddable":true,"href":"https:\/\/www.urlahaber.net\/index.php\/wp-json\/wp\/v2\/users\/1"}],"replies":[{"embeddable":true,"href":"https:\/\/www.urlahaber.net\/index.php\/wp-json\/wp\/v2\/comments?post=325"}],"version-history":[{"count":4,"href":"https:\/\/www.urlahaber.net\/index.php\/wp-json\/wp\/v2\/pages\/325\/revisions"}],"predecessor-version":[{"id":329,"href":"https:\/\/www.urlahaber.net\/index.php\/wp-json\/wp\/v2\/pages\/325\/revisions\/329"}],"wp:attachment":[{"href":"https:\/\/www.urlahaber.net\/index.php\/wp-json\/wp\/v2\/media?parent=325"}],"curies":[{"name":"wp","href":"https:\/\/api.w.org\/{rel}","templated":true}]}}