{"id":320,"date":"2023-02-13T12:11:47","date_gmt":"2023-02-13T09:11:47","guid":{"rendered":"http:\/\/www.urlahaber.net\/?page_id=320"},"modified":"2023-02-13T12:12:14","modified_gmt":"2023-02-13T09:12:14","slug":"siyaset","status":"publish","type":"page","link":"https:\/\/www.urlahaber.net\/index.php\/siyaset\/","title":{"rendered":"Siyaset"},"content":{"rendered":"\t\t<div data-elementor-type=\"wp-page\" data-elementor-id=\"320\" class=\"elementor elementor-320\">\n\t\t\t\t\t\t\t\t\t<section class=\"elementor-section elementor-top-section elementor-element elementor-element-cd47c03 elementor-section-boxed elementor-section-height-default elementor-section-height-default\" data-id=\"cd47c03\" data-element_type=\"section\">\n\t\t\t\t\t\t<div class=\"elementor-container elementor-column-gap-default\">\n\t\t\t\t\t<div class=\"elementor-column elementor-col-100 elementor-top-column elementor-element elementor-element-aeb7f9d\" data-id=\"aeb7f9d\" data-element_type=\"column\">\n\t\t\t<div class=\"elementor-widget-wrap elementor-element-populated\">\n\t\t\t\t\t\t\t\t<section class=\"elementor-section elementor-inner-section elementor-element elementor-element-fb45bd8 elementor-section-boxed elementor-section-height-default elementor-section-height-default\" data-id=\"fb45bd8\" data-element_type=\"section\">\n\t\t\t\t\t\t<div class=\"elementor-container elementor-column-gap-default\">\n\t\t\t\t\t<div class=\"elementor-column elementor-col-50 elementor-inner-column elementor-element elementor-element-9dc413e\" data-id=\"9dc413e\" data-element_type=\"column\">\n\t\t\t<div class=\"elementor-widget-wrap elementor-element-populated\">\n\t\t\t\t\t\t\t\t<div class=\"elementor-element elementor-element-467f57c elementor-grid-3 elementor-grid-tablet-2 elementor-grid-mobile-1 elementor-posts--thumbnail-top elementor-widget elementor-widget-posts\" data-id=\"467f57c\" data-element_type=\"widget\" data-settings=\"{&quot;classic_columns&quot;:&quot;3&quot;,&quot;classic_columns_tablet&quot;:&quot;2&quot;,&quot;classic_columns_mobile&quot;:&quot;1&quot;,&quot;classic_row_gap&quot;:{&quot;unit&quot;:&quot;px&quot;,&quot;size&quot;:35,&quot;sizes&quot;:[]},&quot;classic_row_gap_tablet&quot;:{&quot;unit&quot;:&quot;px&quot;,&quot;size&quot;:&quot;&quot;,&quot;sizes&quot;:[]},&quot;classic_row_gap_mobile&quot;:{&quot;unit&quot;:&quot;px&quot;,&quot;size&quot;:&quot;&quot;,&quot;sizes&quot;:[]}}\" data-widget_type=\"posts.classic\">\n\t\t\t\t<div class=\"elementor-widget-container\">\n\t\t\t<link rel=\"stylesheet\" href=\"https:\/\/www.urlahaber.net\/wp-content\/plugins\/elementor-pro\/assets\/css\/widget-posts.min.css\">\t\t<div class=\"elementor-posts-container elementor-posts elementor-posts--skin-classic elementor-grid\">\n\t\t\t\t<article class=\"elementor-post elementor-grid-item post-2676 post type-post status-publish format-standard has-post-thumbnail hentry category-genel category-gundem category-siyaset tag-ozgur-ozel tag-selcuk-balkan\">\n\t\t\t\t<a class=\"elementor-post__thumbnail__link\" href=\"https:\/\/www.urlahaber.net\/index.php\/yarin-urla-icin-cok-ozel-bir-gun\/\" >\n\t\t\t<div class=\"elementor-post__thumbnail\"><img loading=\"lazy\" decoding=\"async\" width=\"300\" height=\"189\" src=\"https:\/\/www.urlahaber.net\/wp-content\/uploads\/2026\/04\/ozgurkapak-300x189.jpg\" class=\"attachment-medium size-medium wp-image-2682\" alt=\"\" srcset=\"https:\/\/www.urlahaber.net\/wp-content\/uploads\/2026\/04\/ozgurkapak-300x189.jpg 300w, https:\/\/www.urlahaber.net\/wp-content\/uploads\/2026\/04\/ozgurkapak-250x157.jpg 250w, https:\/\/www.urlahaber.net\/wp-content\/uploads\/2026\/04\/ozgurkapak.jpg 703w\" sizes=\"auto, (max-width: 300px) 100vw, 300px\" \/><\/div>\n\t\t<\/a>\n\t\t\t\t<div class=\"elementor-post__text\">\n\t\t\t\t<h3 class=\"elementor-post__title\">\n\t\t\t<a href=\"https:\/\/www.urlahaber.net\/index.php\/yarin-urla-icin-cok-ozel-bir-gun\/\" >\n\t\t\t\tYar\u0131n, Urla i\u00e7in \u00e7ok \u2018\u00d6zel\u2019 bir g\u00fcn\t\t\t<\/a>\n\t\t<\/h3>\n\t\t\t\t<div class=\"elementor-post__meta-data\">\n\t\t\t\t\t<span class=\"elementor-post-date\">\n\t\t\t1 Nisan 2026\t\t<\/span>\n\t\t\t\t<span class=\"elementor-post-avatar\">\n\t\t\tYorum yap\u0131lmam\u0131\u015f\t\t<\/span>\n\t\t\t\t<\/div>\n\t\t\t\t<div class=\"elementor-post__excerpt\">\n\t\t\t<p>Cumhuriyet Halk Partisi Genel Ba\u015fkan\u0131 \u00d6zg\u00fcr \u00d6zel, yar\u0131n (2 Nisan) Urla\u2019n\u0131n onur konu\u011fu olacak. \u0130ki g\u00fcnl\u00fck \u0130zmir ziyaretinin ilk g\u00fcn\u00fcn\u00fc Urla\u2019ya ay\u0131ran \u00d6zel, 15.30\u2019da Cumhuriyet<\/p>\n\t\t<\/div>\n\t\t\n\t\t<a class=\"elementor-post__read-more\" href=\"https:\/\/www.urlahaber.net\/index.php\/yarin-urla-icin-cok-ozel-bir-gun\/\" >\n\t\t\tRead More \u00bb\t\t<\/a>\n\n\t\t\t\t<\/div>\n\t\t\t\t<\/article>\n\t\t\t\t<article class=\"elementor-post elementor-grid-item post-2665 post type-post status-publish format-standard has-post-thumbnail hentry category-genel category-gundem category-siyaset tag-ak-parti tag-bilal-saygili tag-ceyda-bolunmez-cankiri tag-eyyup-kadir-inan tag-hasan-colmekci tag-meclis-uyesi tag-sebnem-bursali tag-umit-arslan tag-urla\">\n\t\t\t\t<a class=\"elementor-post__thumbnail__link\" href=\"https:\/\/www.urlahaber.net\/index.php\/milletvekili-gibi-meclis-uyesi-umit-arslan\/\" >\n\t\t\t<div class=\"elementor-post__thumbnail\"><img loading=\"lazy\" decoding=\"async\" width=\"300\" height=\"181\" src=\"https:\/\/www.urlahaber.net\/wp-content\/uploads\/2026\/03\/UMITKAPAK-300x181.jpg\" class=\"attachment-medium size-medium wp-image-2673\" alt=\"\" srcset=\"https:\/\/www.urlahaber.net\/wp-content\/uploads\/2026\/03\/UMITKAPAK-300x181.jpg 300w, https:\/\/www.urlahaber.net\/wp-content\/uploads\/2026\/03\/UMITKAPAK-250x150.jpg 250w, https:\/\/www.urlahaber.net\/wp-content\/uploads\/2026\/03\/UMITKAPAK.jpg 751w\" sizes=\"auto, (max-width: 300px) 100vw, 300px\" \/><\/div>\n\t\t<\/a>\n\t\t\t\t<div class=\"elementor-post__text\">\n\t\t\t\t<h3 class=\"elementor-post__title\">\n\t\t\t<a href=\"https:\/\/www.urlahaber.net\/index.php\/milletvekili-gibi-meclis-uyesi-umit-arslan\/\" >\n\t\t\t\tMilletvekili gibi Meclis \u00dcyesi: \u00dcmit Arslan\t\t\t<\/a>\n\t\t<\/h3>\n\t\t\t\t<div class=\"elementor-post__meta-data\">\n\t\t\t\t\t<span class=\"elementor-post-date\">\n\t\t\t3 Mart 2026\t\t<\/span>\n\t\t\t\t<span class=\"elementor-post-avatar\">\n\t\t\tYorum yap\u0131lmam\u0131\u015f\t\t<\/span>\n\t\t\t\t<\/div>\n\t\t\t\t<div class=\"elementor-post__excerpt\">\n\t\t\t<p>Urla Belediye Meclisi\u2019nde 25 \u00fcye var. Cumhuriyet Halk Partisi, Urla\u2019da say\u0131sal olarak ezici bir \u00e7o\u011funlu\u011fa sahip. 25 \u00fcyenin 23\u2019\u00fc CHP\u2019li, di\u011fer ikisi de AK Partili\u2026<\/p>\n\t\t<\/div>\n\t\t\n\t\t<a class=\"elementor-post__read-more\" href=\"https:\/\/www.urlahaber.net\/index.php\/milletvekili-gibi-meclis-uyesi-umit-arslan\/\" >\n\t\t\tRead More \u00bb\t\t<\/a>\n\n\t\t\t\t<\/div>\n\t\t\t\t<\/article>\n\t\t\t\t<article class=\"elementor-post elementor-grid-item post-2658 post type-post status-publish format-standard has-post-thumbnail hentry category-genel category-gundem category-siyaset tag-cesmealti tag-denizli tag-guvendik tag-tekne tag-urla\">\n\t\t\t\t<a class=\"elementor-post__thumbnail__link\" href=\"https:\/\/www.urlahaber.net\/index.php\/tekne-sahipleri-caresiz-salona-mi-goturelim\/\" >\n\t\t\t<div class=\"elementor-post__thumbnail\"><img loading=\"lazy\" decoding=\"async\" width=\"300\" height=\"189\" src=\"https:\/\/www.urlahaber.net\/wp-content\/uploads\/2026\/01\/teknekapak-300x189.jpg\" class=\"attachment-medium size-medium wp-image-2662\" alt=\"\" srcset=\"https:\/\/www.urlahaber.net\/wp-content\/uploads\/2026\/01\/teknekapak-300x189.jpg 300w, https:\/\/www.urlahaber.net\/wp-content\/uploads\/2026\/01\/teknekapak-250x158.jpg 250w, https:\/\/www.urlahaber.net\/wp-content\/uploads\/2026\/01\/teknekapak.jpg 705w\" sizes=\"auto, (max-width: 300px) 100vw, 300px\" \/><\/div>\n\t\t<\/a>\n\t\t\t\t<div class=\"elementor-post__text\">\n\t\t\t\t<h3 class=\"elementor-post__title\">\n\t\t\t<a href=\"https:\/\/www.urlahaber.net\/index.php\/tekne-sahipleri-caresiz-salona-mi-goturelim\/\" >\n\t\t\t\tTekne sahipleri \u00e7aresiz: Salona m\u0131 g\u00f6t\u00fcrelim?\t\t\t<\/a>\n\t\t<\/h3>\n\t\t\t\t<div class=\"elementor-post__meta-data\">\n\t\t\t\t\t<span class=\"elementor-post-date\">\n\t\t\t21 Ocak 2026\t\t<\/span>\n\t\t\t\t<span class=\"elementor-post-avatar\">\n\t\t\tYorum yap\u0131lmam\u0131\u015f\t\t<\/span>\n\t\t\t\t<\/div>\n\t\t\t\t<div class=\"elementor-post__excerpt\">\n\t\t\t<p>\u0130zmir sahillerinde k\u0131y\u0131ya ba\u011flanan teknelerle ilgili sorun b\u00fcy\u00fcyor. Yaz sonunda patlak veren sonra unutulmu\u015f gibi g\u00f6r\u00fcnen, liman ve bar\u0131naklarda yer olmad\u0131\u011f\u0131 i\u00e7in k\u0131y\u0131lara ba\u011flanan teknelerin<\/p>\n\t\t<\/div>\n\t\t\n\t\t<a class=\"elementor-post__read-more\" href=\"https:\/\/www.urlahaber.net\/index.php\/tekne-sahipleri-caresiz-salona-mi-goturelim\/\" >\n\t\t\tRead More \u00bb\t\t<\/a>\n\n\t\t\t\t<\/div>\n\t\t\t\t<\/article>\n\t\t\t\t<article class=\"elementor-post elementor-grid-item post-2654 post type-post status-publish format-standard has-post-thumbnail hentry category-genel category-gundem category-siyaset tag-burak-ulamisli tag-urla\">\n\t\t\t\t<a class=\"elementor-post__thumbnail__link\" href=\"https:\/\/www.urlahaber.net\/index.php\/ulamislinin-olumune-sorusturma\/\" >\n\t\t\t<div class=\"elementor-post__thumbnail\"><img loading=\"lazy\" decoding=\"async\" width=\"300\" height=\"189\" src=\"https:\/\/www.urlahaber.net\/wp-content\/uploads\/2026\/01\/ulamiskapak-300x189.jpg\" class=\"attachment-medium size-medium wp-image-2656\" alt=\"\" srcset=\"https:\/\/www.urlahaber.net\/wp-content\/uploads\/2026\/01\/ulamiskapak-300x189.jpg 300w, https:\/\/www.urlahaber.net\/wp-content\/uploads\/2026\/01\/ulamiskapak-250x158.jpg 250w, https:\/\/www.urlahaber.net\/wp-content\/uploads\/2026\/01\/ulamiskapak.jpg 704w\" sizes=\"auto, (max-width: 300px) 100vw, 300px\" \/><\/div>\n\t\t<\/a>\n\t\t\t\t<div class=\"elementor-post__text\">\n\t\t\t\t<h3 class=\"elementor-post__title\">\n\t\t\t<a href=\"https:\/\/www.urlahaber.net\/index.php\/ulamislinin-olumune-sorusturma\/\" >\n\t\t\t\tUlam\u0131\u015fl\u0131\u2019n\u0131n \u00f6l\u00fcm\u00fcne soru\u015fturma\t\t\t<\/a>\n\t\t<\/h3>\n\t\t\t\t<div class=\"elementor-post__meta-data\">\n\t\t\t\t\t<span class=\"elementor-post-date\">\n\t\t\t17 Ocak 2026\t\t<\/span>\n\t\t\t\t<span class=\"elementor-post-avatar\">\n\t\t\tYorum yap\u0131lmam\u0131\u015f\t\t<\/span>\n\t\t\t\t<\/div>\n\t\t\t\t<div class=\"elementor-post__excerpt\">\n\t\t\t<p>Urla\u2019da ge\u00e7ti\u011fimiz hafta eline ba\u011flad\u0131\u011f\u0131 tekne demiri ile denize atlay\u0131p ya\u015fam\u0131na son veren Urla Belediyesi \u00e7al\u0131\u015fan\u0131 ve il\u00e7enin k\u00f6kl\u00fc ailelerinden Burak Ulam\u0131\u015fl\u0131\u2019n\u0131n b\u0131rakt\u0131\u011f\u0131 10 sayfal\u0131k<\/p>\n\t\t<\/div>\n\t\t\n\t\t<a class=\"elementor-post__read-more\" href=\"https:\/\/www.urlahaber.net\/index.php\/ulamislinin-olumune-sorusturma\/\" >\n\t\t\tRead More \u00bb\t\t<\/a>\n\n\t\t\t\t<\/div>\n\t\t\t\t<\/article>\n\t\t\t\t<article class=\"elementor-post elementor-grid-item post-2645 post type-post status-publish format-standard has-post-thumbnail hentry category-genel category-gundem category-siyaset tag-ali-ergocmez tag-burcu-yuceturk tag-efor tag-fethi-ergul\">\n\t\t\t\t<a class=\"elementor-post__thumbnail__link\" href=\"https:\/\/www.urlahaber.net\/index.php\/axa-sigortanin-yeni-degerler-ortagi-efor-spor-kulubu\/\" >\n\t\t\t<div class=\"elementor-post__thumbnail\"><img loading=\"lazy\" decoding=\"async\" width=\"300\" height=\"190\" src=\"https:\/\/www.urlahaber.net\/wp-content\/uploads\/2026\/01\/EFORKAPAK-300x190.jpg\" class=\"attachment-medium size-medium wp-image-2652\" alt=\"\" srcset=\"https:\/\/www.urlahaber.net\/wp-content\/uploads\/2026\/01\/EFORKAPAK-300x190.jpg 300w, https:\/\/www.urlahaber.net\/wp-content\/uploads\/2026\/01\/EFORKAPAK-250x158.jpg 250w, https:\/\/www.urlahaber.net\/wp-content\/uploads\/2026\/01\/EFORKAPAK.jpg 702w\" sizes=\"auto, (max-width: 300px) 100vw, 300px\" \/><\/div>\n\t\t<\/a>\n\t\t\t\t<div class=\"elementor-post__text\">\n\t\t\t\t<h3 class=\"elementor-post__title\">\n\t\t\t<a href=\"https:\/\/www.urlahaber.net\/index.php\/axa-sigortanin-yeni-degerler-ortagi-efor-spor-kulubu\/\" >\n\t\t\t\tAXA Sigorta\u2019n\u0131n yeni de\u011ferler orta\u011f\u0131 EFOR Spor Kul\u00fcb\u00fc\t\t\t<\/a>\n\t\t<\/h3>\n\t\t\t\t<div class=\"elementor-post__meta-data\">\n\t\t\t\t\t<span class=\"elementor-post-date\">\n\t\t\t17 Ocak 2026\t\t<\/span>\n\t\t\t\t<span class=\"elementor-post-avatar\">\n\t\t\tYorum yap\u0131lmam\u0131\u015f\t\t<\/span>\n\t\t\t\t<\/div>\n\t\t\t\t<div class=\"elementor-post__excerpt\">\n\t\t\t<p>T\u00fcrkiye\u2019de 130 y\u0131l\u0131 a\u015fk\u0131n s\u00fcredir sigorta sekt\u00f6r\u00fcne \u00f6nc\u00fcl\u00fck eden AXA Sigorta, T\u00fcrk sporunu desteklemeye devam ediyor. \u00dclkemizde sporun s\u00fcrd\u00fcr\u00fclebilirli\u011fine ve geli\u015fimine \u00e7e\u015fitli bran\u015flar arac\u0131l\u0131\u011f\u0131yla katk\u0131<\/p>\n\t\t<\/div>\n\t\t\n\t\t<a class=\"elementor-post__read-more\" href=\"https:\/\/www.urlahaber.net\/index.php\/axa-sigortanin-yeni-degerler-ortagi-efor-spor-kulubu\/\" >\n\t\t\tRead More \u00bb\t\t<\/a>\n\n\t\t\t\t<\/div>\n\t\t\t\t<\/article>\n\t\t\t\t<article class=\"elementor-post elementor-grid-item post-2614 post type-post status-publish format-standard has-post-thumbnail hentry category-genel category-gundem category-siyaset tag-meclis-uyesi tag-selcuk-balkan tag-urla-belediyesi\">\n\t\t\t\t<a class=\"elementor-post__thumbnail__link\" href=\"https:\/\/www.urlahaber.net\/index.php\/apak-ve-bolukbasi-rekortmen-akseki-sinifta-kaldi\/\" >\n\t\t\t<div class=\"elementor-post__thumbnail\"><img loading=\"lazy\" decoding=\"async\" width=\"300\" height=\"190\" src=\"https:\/\/www.urlahaber.net\/wp-content\/uploads\/2026\/01\/kapakmeclis-300x190.jpg\" class=\"attachment-medium size-medium wp-image-2641\" alt=\"\" srcset=\"https:\/\/www.urlahaber.net\/wp-content\/uploads\/2026\/01\/kapakmeclis-300x190.jpg 300w, https:\/\/www.urlahaber.net\/wp-content\/uploads\/2026\/01\/kapakmeclis-250x159.jpg 250w, https:\/\/www.urlahaber.net\/wp-content\/uploads\/2026\/01\/kapakmeclis.jpg 703w\" sizes=\"auto, (max-width: 300px) 100vw, 300px\" \/><\/div>\n\t\t<\/a>\n\t\t\t\t<div class=\"elementor-post__text\">\n\t\t\t\t<h3 class=\"elementor-post__title\">\n\t\t\t<a href=\"https:\/\/www.urlahaber.net\/index.php\/apak-ve-bolukbasi-rekortmen-akseki-sinifta-kaldi\/\" >\n\t\t\t\tApak ve B\u00f6l\u00fckba\u015f\u0131 rekortmen, Akseki s\u0131n\u0131fta kald\u0131\t\t\t<\/a>\n\t\t<\/h3>\n\t\t\t\t<div class=\"elementor-post__meta-data\">\n\t\t\t\t\t<span class=\"elementor-post-date\">\n\t\t\t13 Ocak 2026\t\t<\/span>\n\t\t\t\t<span class=\"elementor-post-avatar\">\n\t\t\tYorum yap\u0131lmam\u0131\u015f\t\t<\/span>\n\t\t\t\t<\/div>\n\t\t\t\t<div class=\"elementor-post__excerpt\">\n\t\t\t<p>31 Mart se\u00e7imlerinde vatanda\u015f\u0131n oylar\u0131yla Urla Belediye Meclisi\u2019nde g\u00f6rev almaya hak kazanan 25 \u00fcyenin 21 ayl\u0131k devams\u0131zl\u0131k karnesini \u00e7\u0131kard\u0131k. 15 Nisan 2024 ile 5 Aral\u0131k<\/p>\n\t\t<\/div>\n\t\t\n\t\t<a class=\"elementor-post__read-more\" href=\"https:\/\/www.urlahaber.net\/index.php\/apak-ve-bolukbasi-rekortmen-akseki-sinifta-kaldi\/\" >\n\t\t\tRead More \u00bb\t\t<\/a>\n\n\t\t\t\t<\/div>\n\t\t\t\t<\/article>\n\t\t\t\t<article class=\"elementor-post elementor-grid-item post-2591 post type-post status-publish format-standard has-post-thumbnail hentry category-genel category-gundem category-siyaset tag-mustafa-dogru tag-yilay-hakan-ceken-mesleki-ve-teknik-anadolu-lisesi\">\n\t\t\t\t<a class=\"elementor-post__thumbnail__link\" href=\"https:\/\/www.urlahaber.net\/index.php\/bu-ogrenciler-ayakta-alkislanir\/\" >\n\t\t\t<div class=\"elementor-post__thumbnail\"><img loading=\"lazy\" decoding=\"async\" width=\"300\" height=\"183\" src=\"https:\/\/www.urlahaber.net\/wp-content\/uploads\/2025\/12\/yilaykapak2-300x183.jpg\" class=\"attachment-medium size-medium wp-image-2592\" alt=\"\" srcset=\"https:\/\/www.urlahaber.net\/wp-content\/uploads\/2025\/12\/yilaykapak2-300x183.jpg 300w, https:\/\/www.urlahaber.net\/wp-content\/uploads\/2025\/12\/yilaykapak2-250x153.jpg 250w, https:\/\/www.urlahaber.net\/wp-content\/uploads\/2025\/12\/yilaykapak2.jpg 670w\" sizes=\"auto, (max-width: 300px) 100vw, 300px\" \/><\/div>\n\t\t<\/a>\n\t\t\t\t<div class=\"elementor-post__text\">\n\t\t\t\t<h3 class=\"elementor-post__title\">\n\t\t\t<a href=\"https:\/\/www.urlahaber.net\/index.php\/bu-ogrenciler-ayakta-alkislanir\/\" >\n\t\t\t\tBu \u00f6\u011frenciler ayakta alk\u0131\u015flan\u0131r\t\t\t<\/a>\n\t\t<\/h3>\n\t\t\t\t<div class=\"elementor-post__meta-data\">\n\t\t\t\t\t<span class=\"elementor-post-date\">\n\t\t\t22 Aral\u0131k 2025\t\t<\/span>\n\t\t\t\t<span class=\"elementor-post-avatar\">\n\t\t\t1 Yorum\t\t<\/span>\n\t\t\t\t<\/div>\n\t\t\t\t<div class=\"elementor-post__excerpt\">\n\t\t\t<p>Y\u0131lay Hakan \u00c7eken Mesleki ve Teknik Anadolu Lisesi \u00f6\u011frencilerinden b\u00fcy\u00fck ba\u015far\u0131\u2026 T\u00fcrkiye A\u015f\u00e7\u0131lar ve \u015eefler Federasyonu (TA\u015eFED) taraf\u0131ndan d\u00fczenlenen 22. Uluslararas\u0131 \u0130stanbul Mutfak G\u00fcnleri Festivali<\/p>\n\t\t<\/div>\n\t\t\n\t\t<a class=\"elementor-post__read-more\" href=\"https:\/\/www.urlahaber.net\/index.php\/bu-ogrenciler-ayakta-alkislanir\/\" >\n\t\t\tRead More \u00bb\t\t<\/a>\n\n\t\t\t\t<\/div>\n\t\t\t\t<\/article>\n\t\t\t\t<article class=\"elementor-post elementor-grid-item post-2588 post type-post status-publish format-standard has-post-thumbnail hentry category-genel category-gundem category-siyaset tag-hamide-uckus\">\n\t\t\t\t<a class=\"elementor-post__thumbnail__link\" href=\"https:\/\/www.urlahaber.net\/index.php\/turkiyede-genc-olmak\/\" >\n\t\t\t<div class=\"elementor-post__thumbnail\"><img loading=\"lazy\" decoding=\"async\" width=\"300\" height=\"184\" src=\"https:\/\/www.urlahaber.net\/wp-content\/uploads\/2025\/12\/hamidekapak-300x184.jpg\" class=\"attachment-medium size-medium wp-image-2589\" alt=\"\" srcset=\"https:\/\/www.urlahaber.net\/wp-content\/uploads\/2025\/12\/hamidekapak-300x184.jpg 300w, https:\/\/www.urlahaber.net\/wp-content\/uploads\/2025\/12\/hamidekapak-250x153.jpg 250w, https:\/\/www.urlahaber.net\/wp-content\/uploads\/2025\/12\/hamidekapak.jpg 672w\" sizes=\"auto, (max-width: 300px) 100vw, 300px\" \/><\/div>\n\t\t<\/a>\n\t\t\t\t<div class=\"elementor-post__text\">\n\t\t\t\t<h3 class=\"elementor-post__title\">\n\t\t\t<a href=\"https:\/\/www.urlahaber.net\/index.php\/turkiyede-genc-olmak\/\" >\n\t\t\t\tT\u00fcrkiye\u2019de gen\u00e7 olmak\t\t\t<\/a>\n\t\t<\/h3>\n\t\t\t\t<div class=\"elementor-post__meta-data\">\n\t\t\t\t\t<span class=\"elementor-post-date\">\n\t\t\t21 Aral\u0131k 2025\t\t<\/span>\n\t\t\t\t<span class=\"elementor-post-avatar\">\n\t\t\tYorum yap\u0131lmam\u0131\u015f\t\t<\/span>\n\t\t\t\t<\/div>\n\t\t\t\t<div class=\"elementor-post__excerpt\">\n\t\t\t<p>\u00a0Hamide \u00dc\u00e7ku\u015f yazd\u0131: Birka\u00e7 ay sonra may\u0131s ay\u0131na girece\u011fiz. YKS s\u0131nav\u0131n olaca\u011f\u0131 zamanlar. Biz neden 6-7 ay sonraki s\u0131nav\u0131n stresini bug\u00fcnden \u00e7ekmeye ba\u015fl\u0131yoruz. Neden bu<\/p>\n\t\t<\/div>\n\t\t\n\t\t<a class=\"elementor-post__read-more\" href=\"https:\/\/www.urlahaber.net\/index.php\/turkiyede-genc-olmak\/\" >\n\t\t\tRead More \u00bb\t\t<\/a>\n\n\t\t\t\t<\/div>\n\t\t\t\t<\/article>\n\t\t\t\t<article class=\"elementor-post elementor-grid-item post-2585 post type-post status-publish format-standard has-post-thumbnail hentry category-genel category-gundem category-siyaset tag-oktay-hasirci\">\n\t\t\t\t<a class=\"elementor-post__thumbnail__link\" href=\"https:\/\/www.urlahaber.net\/index.php\/adalet-mulkun-temeli-mi-olacak\/\" >\n\t\t\t<div class=\"elementor-post__thumbnail\"><img loading=\"lazy\" decoding=\"async\" width=\"300\" height=\"182\" src=\"https:\/\/www.urlahaber.net\/wp-content\/uploads\/2025\/12\/oktaykapak-300x182.jpg\" class=\"attachment-medium size-medium wp-image-2586\" alt=\"\" srcset=\"https:\/\/www.urlahaber.net\/wp-content\/uploads\/2025\/12\/oktaykapak-300x182.jpg 300w, https:\/\/www.urlahaber.net\/wp-content\/uploads\/2025\/12\/oktaykapak-250x152.jpg 250w, https:\/\/www.urlahaber.net\/wp-content\/uploads\/2025\/12\/oktaykapak.jpg 671w\" sizes=\"auto, (max-width: 300px) 100vw, 300px\" \/><\/div>\n\t\t<\/a>\n\t\t\t\t<div class=\"elementor-post__text\">\n\t\t\t\t<h3 class=\"elementor-post__title\">\n\t\t\t<a href=\"https:\/\/www.urlahaber.net\/index.php\/adalet-mulkun-temeli-mi-olacak\/\" >\n\t\t\t\tAdalet m\u00fclk\u00fcn temeli mi olacak?\t\t\t<\/a>\n\t\t<\/h3>\n\t\t\t\t<div class=\"elementor-post__meta-data\">\n\t\t\t\t\t<span class=\"elementor-post-date\">\n\t\t\t20 Aral\u0131k 2025\t\t<\/span>\n\t\t\t\t<span class=\"elementor-post-avatar\">\n\t\t\t1 Yorum\t\t<\/span>\n\t\t\t\t<\/div>\n\t\t\t\t<div class=\"elementor-post__excerpt\">\n\t\t\t<p>Oktay Has\u0131rc\u0131 yazd\u0131: Merhabalar dostlar\u2026\u0130yi ya da k\u00f6t\u00fc, bir y\u0131l\u0131n daha sonuna geldik. Ge\u00e7ti\u011fimiz y\u0131la \u015f\u00f6yle bir aral\u0131ktan bakal\u0131m: Neler olmu\u015f, neler bitmi\u015f, neler kazanm\u0131\u015f\u0131z,<\/p>\n\t\t<\/div>\n\t\t\n\t\t<a class=\"elementor-post__read-more\" href=\"https:\/\/www.urlahaber.net\/index.php\/adalet-mulkun-temeli-mi-olacak\/\" >\n\t\t\tRead More \u00bb\t\t<\/a>\n\n\t\t\t\t<\/div>\n\t\t\t\t<\/article>\n\t\t\t\t<article class=\"elementor-post elementor-grid-item post-2582 post type-post status-publish format-standard has-post-thumbnail hentry category-genel category-gundem category-siyaset tag-yusuf-baratali\">\n\t\t\t\t<a class=\"elementor-post__thumbnail__link\" href=\"https:\/\/www.urlahaber.net\/index.php\/kitaplar-kitaplar\/\" >\n\t\t\t<div class=\"elementor-post__thumbnail\"><img loading=\"lazy\" decoding=\"async\" width=\"300\" height=\"183\" src=\"https:\/\/www.urlahaber.net\/wp-content\/uploads\/2025\/12\/yusufkapak-300x183.jpg\" class=\"attachment-medium size-medium wp-image-2583\" alt=\"\" srcset=\"https:\/\/www.urlahaber.net\/wp-content\/uploads\/2025\/12\/yusufkapak-300x183.jpg 300w, https:\/\/www.urlahaber.net\/wp-content\/uploads\/2025\/12\/yusufkapak-250x152.jpg 250w, https:\/\/www.urlahaber.net\/wp-content\/uploads\/2025\/12\/yusufkapak.jpg 668w\" sizes=\"auto, (max-width: 300px) 100vw, 300px\" \/><\/div>\n\t\t<\/a>\n\t\t\t\t<div class=\"elementor-post__text\">\n\t\t\t\t<h3 class=\"elementor-post__title\">\n\t\t\t<a href=\"https:\/\/www.urlahaber.net\/index.php\/kitaplar-kitaplar\/\" >\n\t\t\t\tKitaplar, kitaplar\u2026\t\t\t<\/a>\n\t\t<\/h3>\n\t\t\t\t<div class=\"elementor-post__meta-data\">\n\t\t\t\t\t<span class=\"elementor-post-date\">\n\t\t\t20 Aral\u0131k 2025\t\t<\/span>\n\t\t\t\t<span class=\"elementor-post-avatar\">\n\t\t\tYorum yap\u0131lmam\u0131\u015f\t\t<\/span>\n\t\t\t\t<\/div>\n\t\t\t\t<div class=\"elementor-post__excerpt\">\n\t\t\t<p>Yusuf Baratal\u0131 yazd\u0131: 2025\u2019in sonuna yakla\u015f\u0131p 2026\u2019y\u0131 kar\u015f\u0131lamaya haz\u0131rland\u0131\u011f\u0131m\u0131z bug\u00fcnlerde \u00fclkenin ve d\u00fcnyan\u0131n s\u00fcregelen ola\u011fan gerginli\u011fi i\u015flerin yo\u011funlu\u011funun verdi\u011fi yorgunlu\u011fu \u00fczerimden atmak i\u00e7in okumaya a\u011f\u0131rl\u0131k<\/p>\n\t\t<\/div>\n\t\t\n\t\t<a class=\"elementor-post__read-more\" href=\"https:\/\/www.urlahaber.net\/index.php\/kitaplar-kitaplar\/\" >\n\t\t\tRead More \u00bb\t\t<\/a>\n\n\t\t\t\t<\/div>\n\t\t\t\t<\/article>\n\t\t\t\t<\/div>\n\t\t\n\t\t\t\t<\/div>\n\t\t\t\t<\/div>\n\t\t\t\t\t<\/div>\n\t\t<\/div>\n\t\t\t\t<div class=\"elementor-column elementor-col-50 elementor-inner-column elementor-element elementor-element-4cbc829\" data-id=\"4cbc829\" data-element_type=\"column\">\n\t\t\t<div class=\"elementor-widget-wrap\">\n\t\t\t\t\t\t\t\t\t<\/div>\n\t\t<\/div>\n\t\t\t\t\t\t\t<\/div>\n\t\t<\/section>\n\t\t\t\t\t<\/div>\n\t\t<\/div>\n\t\t\t\t\t\t\t<\/div>\n\t\t<\/section>\n\t\t\t\t\t\t\t<\/div>\n\t\t","protected":false},"excerpt":{"rendered":"","protected":false},"author":1,"featured_media":0,"parent":0,"menu_order":0,"comment_status":"closed","ping_status":"closed","template":"","meta":{"footnotes":""},"class_list":["post-320","page","type-page","status-publish","hentry"],"aioseo_notices":[],"_links":{"self":[{"href":"https:\/\/www.urlahaber.net\/index.php\/wp-json\/wp\/v2\/pages\/320","targetHints":{"allow":["GET"]}}],"collection":[{"href":"https:\/\/www.urlahaber.net\/index.php\/wp-json\/wp\/v2\/pages"}],"about":[{"href":"https:\/\/www.urlahaber.net\/index.php\/wp-json\/wp\/v2\/types\/page"}],"author":[{"embeddable":true,"href":"https:\/\/www.urlahaber.net\/index.php\/wp-json\/wp\/v2\/users\/1"}],"replies":[{"embeddable":true,"href":"https:\/\/www.urlahaber.net\/index.php\/wp-json\/wp\/v2\/comments?post=320"}],"version-history":[{"count":4,"href":"https:\/\/www.urlahaber.net\/index.php\/wp-json\/wp\/v2\/pages\/320\/revisions"}],"predecessor-version":[{"id":324,"href":"https:\/\/www.urlahaber.net\/index.php\/wp-json\/wp\/v2\/pages\/320\/revisions\/324"}],"wp:attachment":[{"href":"https:\/\/www.urlahaber.net\/index.php\/wp-json\/wp\/v2\/media?parent=320"}],"curies":[{"name":"wp","href":"https:\/\/api.w.org\/{rel}","templated":true}]}}